{"id":3049,"date":"2019-06-18T16:48:20","date_gmt":"2019-06-18T14:48:20","guid":{"rendered":"https:\/\/www.karwendelbahn.de\/?page_id=3049"},"modified":"2022-07-26T13:51:12","modified_gmt":"2022-07-26T11:51:12","slug":"apartment-3","status":"publish","type":"page","link":"https:\/\/www.karwendelbahn.de\/en\/apartment-3\/","title":{"rendered":"Apartment 3"},"content":{"rendered":"<div class=\"wpb-content-wrapper\"><p>[vc_row css=&#8221;.vc_custom_1531909127619{margin-bottom: 0px !important;}&#8221;][vc_column]\n\t\t\t<!-- START Fewo 3 REVOLUTION SLIDER 6.7.38 --><p class=\"rs-p-wp-fix\"><\/p>\n\t\t\t<rs-module-wrap id=\"rev_slider_50_1_wrapper\" data-source=\"gallery\" style=\"visibility:hidden;background:transparent;padding:0;margin:0px auto;margin-top:0;margin-bottom:0;\">\n\t\t\t\t<rs-module id=\"rev_slider_50_1\" style=\"\" data-version=\"6.7.38\">\n\t\t\t\t\t<rs-slides style=\"overflow: hidden; position: absolute;\">\n\t\t\t\t\t\t<rs-slide style=\"position: absolute;\" data-key=\"rs-86\" data-title=\"Slide\" data-anim=\"adpr:false;\">\n\t\t\t\t\t\t\t<img decoding=\"async\" src=\"\/\/www.karwendelbahn.de\/wp-content\/plugins\/revslider\/sr6\/assets\/assets\/dummy.png\" alt=\"\" title=\"Apartment 3\" class=\"rev-slidebg tp-rs-img rs-lazyload\" data-lazyload=\"\/\/www.karwendelbahn.de\/wp-content\/uploads\/2019\/06\/ferienwohnung-3-wohnzimmer-titel.jpg\" data-no-retina>\n<!---->\t\t\t\t\t<\/rs-slide>\n\t\t\t\t\t<\/rs-slides>\n\t\t\t\t\t<rs-static-layers class=\"rs-stl-visible\"><!--\n\n\t\t\t\t\t\t\t--><rs-layer\n\t\t\t\t\t\t\t\tid=\"slider-50-slide-9-layer-1\" \n\t\t\t\t\t\t\t\tclass=\"rs-layer-static\"\n\t\t\t\t\t\t\t\tdata-type=\"image\"\n\t\t\t\t\t\t\t\tdata-rsp_ch=\"on\"\n\t\t\t\t\t\t\t\tdata-xy=\"xo:1320px;y:b;\"\n\t\t\t\t\t\t\t\tdata-text=\"l:22;a:inherit;\"\n\t\t\t\t\t\t\t\tdata-dim=\"w:[&#039;230px&#039;,&#039;230px&#039;,&#039;230px&#039;,&#039;230px&#039;];h:[&#039;230px&#039;,&#039;230px&#039;,&#039;230px&#039;,&#039;230px&#039;];\"\n\t\t\t\t\t\t\t\tdata-onslides=\"s:1;\"\n\t\t\t\t\t\t\t\tdata-frame_0=\"x:50px;tp:600;\"\n\t\t\t\t\t\t\t\tdata-frame_1=\"tp:600;e:power2.inOut;st:0;sp:2000;\"\n\t\t\t\t\t\t\t\tdata-frame_999=\"o:0;tp:600;st:w;sR:7000;\"\n\t\t\t\t\t\t\t\tstyle=\"z-index:5;\"\n\t\t\t\t\t\t\t><img decoding=\"async\" src=\"\/\/www.karwendelbahn.de\/wp-content\/plugins\/revslider\/sr6\/assets\/assets\/dummy.png\" alt=\"\" class=\"tp-rs-img rs-lazyload\" width=\"600\" height=\"600\" data-lazyload=\"\/\/www.karwendelbahn.de\/wp-content\/uploads\/2020\/01\/social_media.png\" data-no-retina> \n\t\t\t\t\t\t\t<\/rs-layer><!--\n\t\t\t\t\t--><\/rs-static-layers>\n\t\t\t\t<\/rs-module>\n\t\t\t\t<script>\n\t\t\t\t\tsetREVStartSize({c: 'rev_slider_50_1',rl:[1240,1024,778,480],el:[],gw:[1920,1024,778,480],gh:[500,345,150,160],type:'standard',justify:'',layout:'fullwidth',mh:\"0\"});if (window.RS_MODULES!==undefined && window.RS_MODULES.modules!==undefined && window.RS_MODULES.modules[\"revslider501\"]!==undefined) {window.RS_MODULES.modules[\"revslider501\"].once = false;window.revapi50 = undefined;if (window.RS_MODULES.checkMinimal!==undefined) window.RS_MODULES.checkMinimal()}\n\t\t\t\t<\/script>\n\t\t\t<\/rs-module-wrap>\n\t\t\t<!-- END REVOLUTION SLIDER -->\n[\/vc_column][\/vc_row][vc_row full_width=&#8221;stretch_row&#8221; equal_height=&#8221;yes&#8221; ult_hide_row=&#8221;ult_hide_row_value&#8221; ult_hide_row_tablet=&#8221;tablet&#8221; ult_hide_row_tablet_small=&#8221;xs_tablet&#8221; css=&#8221;.vc_custom_1531900319075{margin-top: 10px !important;margin-bottom: -30px !important;}&#8221;][vc_column][vc_column_text css=&#8221;.vc_custom_1531900226734{margin-bottom: 0px !important;}&#8221;][vc_row full_width=\"stretch_row\" equal_height=\"yes\" ult_hide_row=\"ult_hide_row_value\" ult_hide_row_tablet=\"tablet\" ult_hide_row_tablet_small=\"xs_tablet\" css=\".vc_custom_1531905375985{margin-top: 10px !important;margin-bottom: -30px !important;}\" el_class=\"status-balken\"][vc_column width=\"1\/4\"][vc_raw_html]JTNDZGl2JTIwY2xhc3MlM0QlMjJzdGF0dXMtZ3JpZCUyMiUzRSUwQSUzQ2RpdiUyMGNsYXNzJTNEJTIyc3RhdHVzLWxpbmtzJTIyJTNFJTBBJTNDaW1nJTIwc3JjJTNEJTIyaHR0cHMlM0ElMkYlMkZ3d3cua2Fyd2VuZGVsYmFobi5kZSUyRndwLWNvbnRlbnQlMkZ1cGxvYWRzJTJGMjAxOCUyRjA2JTJGZmFocmJldHJpZWItaWNvbi5wbmclMjIlM0UlMEElM0MlMkZkaXYlM0UlMEElM0NkaXYlMjBjbGFzcyUzRCUyMnN0YXR1cy1yZWNodHMlMjIlM0UlMEElM0NoMyUyMHN0eWxlJTNEJTIydGV4dC1hbGlnbiUzQSUyMGxlZnQlM0IlMjIlM0VGYWhyJTI2c2h5JTNCYmV0cmllYiUzQyUyRmgzJTNFJTBBJTVCeHl6LWlwcyUyMHNuaXBwZXQlM0QlMjJGYWhyYmV0cmllYiUyMiU1RCUwQSUzQyUyRmRpdiUzRSUwQSUzQyUyRmRpdiUzRQ==[\/vc_raw_html][\/vc_column][vc_column width=\"1\/4\"][vc_raw_html]JTNDZGl2JTIwY2xhc3MlM0QlMjJzdGF0dXMtZ3JpZCUyMiUzRSUwQSUzQ2RpdiUyMGNsYXNzJTNEJTIyc3RhdHVzLWxpbmtzJTIyJTNFJTBBJTNDaW1nJTIwc3JjJTNEJTIyaHR0cHMlM0ElMkYlMkZ3d3cua2Fyd2VuZGVsYmFobi5kZSUyRndwLWNvbnRlbnQlMkZ1cGxvYWRzJTJGMjAxOCUyRjA2JTJGcGFub3JhbWF3ZWctaWNvbi5wbmclMjIlM0UlMEElM0MlMkZkaXYlM0UlMEElM0NkaXYlMjBjbGFzcyUzRCUyMnN0YXR1cy1yZWNodHMlMjIlM0UlMEElM0NoMyUyMHN0eWxlJTNEJTIydGV4dC1hbGlnbiUzQSUyMGxlZnQlM0IlMjIlM0VXYW5kZXIlMjZzaHklM0J3ZWdlJTIwJTI2JTIwS2xldHRlciUyNnNoeSUzQnN0ZWlnZSUzQyUyRmgzJTNFJTBBJTVCeHl6LWlwcyUyMHNuaXBwZXQlM0QlMjJXYW5kZXJ3ZWdlLUtsZXR0ZXJzdGVpZ2UlMjIlNUQlMEElM0MlMkZkaXYlM0UlMEElM0MlMkZkaXYlM0U=[\/vc_raw_html][\/vc_column][vc_column width=\"1\/4\"][vc_raw_html]JTNDZGl2JTIwY2xhc3MlM0QlMjJzdGF0dXMtZ3JpZCUyMiUzRSUwQSUzQ2RpdiUyMGNsYXNzJTNEJTIyc3RhdHVzLWxpbmtzJTIyJTNFJTBBJTNDaW1nJTIwc3JjJTNEJTIyaHR0cHMlM0ElMkYlMkZ3d3cua2Fyd2VuZGVsYmFobi5kZSUyRndwLWNvbnRlbnQlMkZ1cGxvYWRzJTJGMjAyMCUyRjA1JTJGT3V0ZG9vcl9BZHZlbnR1cmUucG5nJTIyJTNFJTBBJTNDJTJGZGl2JTNFJTBBJTNDZGl2JTIwY2xhc3MlM0QlMjJzdGF0dXMtcmVjaHRzJTIyJTNFJTBBJTNDaDMlMjBzdHlsZSUzRCUyMnRleHQtYWxpZ24lM0ElMjBsZWZ0JTNCJTIyJTNFUGFub3JhbWElMjZzaHklM0J3ZWclM0MlMkZoMyUzRSUwQSU1Qnh5ei1pcHMlMjBzbmlwcGV0JTNEJTIyUGFub3JhbWF3ZWclMjIlNUQlMEElM0MlMkZkaXYlM0UlMEElM0MlMkZkaXYlM0U=[\/vc_raw_html][\/vc_column][vc_column width=\"1\/4\"][vc_raw_html]JTNDZGl2JTIwY2xhc3MlM0QlMjJzdGF0dXMtZ3JpZCUyMiUzRSUwQSUzQ2RpdiUyMGNsYXNzJTNEJTIyc3RhdHVzLWxpbmtzJTIyJTNFJTBBJTNDYSUyMGhyZWYlM0QlMjIlMkZ3ZWJjYW0lMjIlM0UlM0NpbWclMjBzcmMlM0QlMjJodHRwcyUzQSUyRiUyRnd3dy5rYXJ3ZW5kZWxiYWhuLmRlJTJGd3AtY29udGVudCUyRnVwbG9hZHMlMkYyMDE4JTJGMDQlMkZ3ZXR0ZXItaWNvbi5wbmclMjIlM0UlM0MlMkZhJTNFJTBBJTNDJTJGZGl2JTNFJTBBJTNDZGl2JTIwY2xhc3MlM0QlMjJzdGF0dXMtcmVjaHRzJTIyJTNFJTBBJTNDaDMlMjBzdHlsZSUzRCUyMnRleHQtYWxpZ24lM0ElMjBsZWZ0JTNCJTIyJTNFJTNDYSUyMGhyZWYlM0QlMjIlMkZ3ZWJjYW0lMjIlM0VXZXR0ZXIlMkZXZWJjYW0lM0MlMkZhJTNFJTNDJTJGaDMlM0UlMEElNUJ4eXotaXBzJTIwc25pcHBldCUzRCUyMldldHRlciUyMiU1RCUwQSUzQyUyRmRpdiUzRSUwQSUzQyUyRmRpdiUzRQ==[\/vc_raw_html][\/vc_column][\/vc_row][\/vc_column_text][vc_separator][vc_empty_space height=&#8221;30px&#8221;][\/vc_column][\/vc_row][vc_row css=&#8221;.vc_custom_1523970277060{margin-bottom: 0px !important;}&#8221; el_class=&#8221;brotkrumen&#8221;][vc_column][vc_column_text]<span><span><a href=\"https:\/\/www.karwendelbahn.de\/en\/\">Karwendelbahn Mittenwald<\/a><\/span><\/span>[\/vc_column_text][\/vc_column][\/vc_row][vc_row css=&#8221;.vc_custom_1523970277060{margin-bottom: 0px !important;}&#8221; el_class=&#8221;brotkrumen&#8221;][vc_column][vc_column_text]<\/p>\n<h1>APARTMENT 3<\/h1>\n<p><span class=\"highlight-text\">Welcome to the holiday paradise at the Karwendelbahn in Mittenwald. Enjoy pure nature, peace and quiet with us! Our mountain railway offers holiday fun in beautiful and untouched nature. Use the beautiful environment for long hikes, walks and bike tours.<\/span>[\/vc_column_text][vc_row_inner][vc_column_inner][vc_column_text css=&#8221;.vc_custom_1658824783479{margin-top: -20px !important;}&#8221;]<\/p>\n<h2><strong><span class=\"highlight-text\">You can book our apartments directly here:<\/span><\/strong><\/h2>\n<p>[\/vc_column_text][vc_btn title=&#8221;Book now&#8221; style=&#8221;flat&#8221; shape=&#8221;square&#8221; size=&#8221;lg&#8221; align=&#8221;left&#8221; i_align=&#8221;right&#8221; i_icon_fontawesome=&#8221;fas fa-arrow-right&#8221; add_icon=&#8221;true&#8221; smooth_scroll=&#8221;true&#8221; link=&#8221;url:https%3A%2F%2Fwww.booking.com%2Fhotel%2Fde%2Fferienwohnung-karwendelbahn.en-gb.html%3Flabel%3Dgen173rf-1FCAsoO0IbZmVyaWVud29obnVuZy1rYXJ3ZW5kZWxiYWhuSAdYA2g7iAEBmAEHuAEXyAEM2AEB6AEB-AECiAIBogIQa2Fyd2VuZGVsYmFobi5kZagCA7gC9Mf-lgbAAgHSAiQ2ZmY1Mzk0Yi0yOGViLTRhMWUtODZjMC1jN2RjYjI4YTI2MDPYAgXgAgE%26sid%3D72f2ab62e7143b20dcc6577da5b7b8ea%26dist%3D0%26lang%3Den-gb%26room1%3DA%252CA%26sb_price_type%3Dtotal%26soz%3D1%26type%3Dtotal%26lang_click%3Dother%26cdl%3Dde%26lang_changed%3D1|target:_blank&#8221; css=&#8221;.vc_custom_1658836270238{margin-top: -20px !important;}&#8221;][\/vc_column_inner][\/vc_row_inner][\/vc_column][\/vc_row][vc_row css=&#8221;.vc_custom_1658824802596{margin-top: 60px !important;}&#8221;][vc_column][vc_btn title=&#8221;View ground plan&#8221; style=&#8221;flat&#8221; shape=&#8221;square&#8221; size=&#8221;lg&#8221; align=&#8221;center&#8221; smooth_scroll=&#8221;true&#8221; link=&#8221;url:%23!%2Fgrundriss|||&#8221;][vc_media_grid element_width=&#8221;3&#8243; grid_id=&#8221;vc_gid:1658836261460-64200724-ea61-2&#8243; include=&#8221;3031,3033,3035,3037,3039,3041,3043&#8243;][vc_row_inner][vc_column_inner width=&#8221;1\/2&#8243;][vc_column_text]Die komplett renovierte und neu eingerichtete Ferienwohnung befindet sich direkt an der Talstation \u00fcber die Gastst\u00fcberl. Aus dem Wohnzimmer heraus k\u00f6nnen Sie die kristallformige Gondel rauf und runter fahren sehen. Diese ger\u00e4umige Nichtraucherwohnung bietet Platz f\u00fcr bis zu 4 Personen.<br \/>\nBis in den Ort Mittenwald sind es nur wenige Gehminuten. Wir freuen uns auf Ihren Besuch!<\/p>\n<p><strong>Anreise:<br \/>\n<\/strong>Sie k\u00f6nnen mit Ihrem PKW anreisen &#8211; gro\u00dfz\u00fcgige Parkpl\u00e4tze erlauben es Ihnen, das Auto einfach stehen zu lassen. Dieser Service ist f\u00fcr unsere G\u00e4ste nat\u00fcrlich kostenlos. Wir sind mit der Bahn ebenfalls ob von M\u00fcnchen \u00fcber Garmisch-Partenkirchen oder aus Innsbruck gut zu erreichen. Vom Bahnhof Mittenwald sind es ca. 15 Minuten Fu\u00dfweg zu uns.<\/p>\n<p><strong>Ab drei \u00dcbernachtungen stehen Ihnen eine begrenzte Anzahl an kostenlosen oder erm\u00e4\u00dfigten Fahrkarten f\u00fcr die Seilbahn zur Verf\u00fcgung.<\/strong><\/p>\n<p>Haustiere sind leider aus Allergiker-Gr\u00fcnden nicht gestattet.<\/p>\n<p>*\u00c4nderungen und Irrt\u00fcmer vorbehalten. Abbildungen \u00e4hnlich[\/vc_column_text][\/vc_column_inner][vc_column_inner width=&#8221;1\/2&#8243;][vc_column_text]<strong>Price<\/strong><br \/>\nPrice on request<\/p>\n<p><strong>Facilities:<\/strong><\/p>\n<ul>\n<li><strong>Up to 6 people<\/strong><\/li>\n<li>Kitchen with dishwasher, oven, toaster and water boiler<\/li>\n<li>Flat screen TV<\/li>\n<li>Furnished garden and balcony<\/li>\n<li>Non-smoking apartment<\/li>\n<li>Bad with shower cabin<\/li>\n<li>WiFi<\/li>\n<li>Parking spots right in front of the house<\/li>\n<\/ul>\n<p><strong>Board basis:<br \/>\n<\/strong>All units are self-catering, but we can also arrange meals at a supplement[\/vc_column_text][\/vc_column_inner][\/vc_row_inner][\/vc_column][\/vc_row][vc_row el_id=&#8221;grundriss&#8221;][vc_column][vc_column_text]<\/p>\n<h2 style=\"text-align: center;\">GROUND PLAN<\/h2>\n<p>[\/vc_column_text][vc_single_image image=&#8221;4236&#8243; img_size=&#8221;full&#8221; alignment=&#8221;center&#8221; onclick=&#8221;link_image&#8221; image_hovers=&#8221;false&#8221;][\/vc_column][\/vc_row]<\/p>\n<\/div>","protected":false},"excerpt":{"rendered":"<p>[vc_row css=&#8221;.vc_custom_1531909127619{margin-bottom: 0px !important;}&#8221;][vc_column][\/vc_column][\/vc_row][vc_row full_width=&#8221;stretch_row&#8221; equal_height=&#8221;yes&#8221; ult_hide_row=&#8221;ult_hide_row_value&#8221; ult_hide_row_tablet=&#8221;tablet&#8221; ult_hide_row_tablet_small=&#8221;xs_tablet&#8221; css=&#8221;.vc_custom_1531900319075{margin-top: 10px !important;margin-bottom: -30px !important;}&#8221;][vc_column][vc_column_text css=&#8221;.vc_custom_1531900226734{margin-bottom: 0px !important;}&#8221;][\/vc_column_text][vc_separator][vc_empty_space height=&#8221;30px&#8221;][\/vc_column][\/vc_row][vc_row css=&#8221;.vc_custom_1523970277060{margin-bottom: 0px !important;}&#8221; el_class=&#8221;brotkrumen&#8221;][vc_column][vc_column_text][\/vc_column_text][\/vc_column][\/vc_row][vc_row css=&#8221;.vc_custom_1523970277060{margin-bottom: 0px !important;}&#8221; el_class=&#8221;brotkrumen&#8221;][vc_column][vc_column_text] APARTMENT 3 Welcome to the holiday paradise at the Karwendelbahn in Mittenwald. Enjoy pure nature, peace and quiet with us! Our mountain railway offers holiday fun in beautiful and&hellip;<\/p>\n","protected":false},"author":1,"featured_media":0,"parent":0,"menu_order":0,"comment_status":"closed","ping_status":"closed","template":"","meta":{"_acf_changed":false,"footnotes":""},"class_list":["post-3049","page","type-page","status-publish","hentry","description-off"],"acf":[],"yoast_head":"<!-- This site is optimized with the Yoast SEO plugin v27.3 - https:\/\/yoast.com\/product\/yoast-seo-wordpress\/ -->\n<title>Apartment 3 - Karwendelbahn<\/title>\n<meta name=\"robots\" content=\"index, follow, max-snippet:-1, max-image-preview:large, max-video-preview:-1\" \/>\n<link rel=\"canonical\" href=\"https:\/\/www.karwendelbahn.de\/en\/apartment-3\/\" \/>\n<meta property=\"og:locale\" content=\"en_US\" \/>\n<meta property=\"og:type\" content=\"article\" \/>\n<meta property=\"og:title\" content=\"Apartment 3 - Karwendelbahn\" \/>\n<meta property=\"og:description\" content=\"[vc_row css=&#8221;.vc_custom_1531909127619{margin-bottom: 0px !important;}&#8221;][vc_column][\/vc_column][\/vc_row][vc_row full_width=&#8221;stretch_row&#8221; equal_height=&#8221;yes&#8221; ult_hide_row=&#8221;ult_hide_row_value&#8221; ult_hide_row_tablet=&#8221;tablet&#8221; ult_hide_row_tablet_small=&#8221;xs_tablet&#8221; css=&#8221;.vc_custom_1531900319075{margin-top: 10px !important;margin-bottom: -30px !important;}&#8221;][vc_column][vc_column_text css=&#8221;.vc_custom_1531900226734{margin-bottom: 0px !important;}&#8221;][\/vc_column_text][vc_separator][vc_empty_space height=&#8221;30px&#8221;][\/vc_column][\/vc_row][vc_row css=&#8221;.vc_custom_1523970277060{margin-bottom: 0px !important;}&#8221; el_class=&#8221;brotkrumen&#8221;][vc_column][vc_column_text][\/vc_column_text][\/vc_column][\/vc_row][vc_row css=&#8221;.vc_custom_1523970277060{margin-bottom: 0px !important;}&#8221; el_class=&#8221;brotkrumen&#8221;][vc_column][vc_column_text] APARTMENT 3 Welcome to the holiday paradise at the Karwendelbahn in Mittenwald. Enjoy pure nature, peace and quiet with us! Our mountain railway offers holiday fun in beautiful and&hellip;\" \/>\n<meta property=\"og:url\" content=\"https:\/\/www.karwendelbahn.de\/en\/apartment-3\/\" \/>\n<meta property=\"og:site_name\" content=\"Karwendelbahn\" \/>\n<meta property=\"article:modified_time\" content=\"2022-07-26T11:51:12+00:00\" \/>\n<meta name=\"twitter:card\" content=\"summary_large_image\" \/>\n<meta name=\"twitter:label1\" content=\"Est. reading time\" \/>\n\t<meta name=\"twitter:data1\" content=\"2 minutes\" \/>\n<script type=\"application\/ld+json\" class=\"yoast-schema-graph\">{\"@context\":\"https:\\\/\\\/schema.org\",\"@graph\":[{\"@type\":\"WebPage\",\"@id\":\"https:\\\/\\\/www.karwendelbahn.de\\\/en\\\/apartment-3\\\/\",\"url\":\"https:\\\/\\\/www.karwendelbahn.de\\\/en\\\/apartment-3\\\/\",\"name\":\"Apartment 3 - Karwendelbahn\",\"isPartOf\":{\"@id\":\"https:\\\/\\\/www.karwendelbahn.de\\\/#website\"},\"datePublished\":\"2019-06-18T14:48:20+00:00\",\"dateModified\":\"2022-07-26T11:51:12+00:00\",\"breadcrumb\":{\"@id\":\"https:\\\/\\\/www.karwendelbahn.de\\\/en\\\/apartment-3\\\/#breadcrumb\"},\"inLanguage\":\"en-US\",\"potentialAction\":[{\"@type\":\"ReadAction\",\"target\":[\"https:\\\/\\\/www.karwendelbahn.de\\\/en\\\/apartment-3\\\/\"]}]},{\"@type\":\"BreadcrumbList\",\"@id\":\"https:\\\/\\\/www.karwendelbahn.de\\\/en\\\/apartment-3\\\/#breadcrumb\",\"itemListElement\":[{\"@type\":\"ListItem\",\"position\":1,\"name\":\"Karwendelbahn Mittenwald\",\"item\":\"https:\\\/\\\/www.karwendelbahn.de\\\/en\\\/\"},{\"@type\":\"ListItem\",\"position\":2,\"name\":\"Apartment 3\"}]},{\"@type\":\"WebSite\",\"@id\":\"https:\\\/\\\/www.karwendelbahn.de\\\/#website\",\"url\":\"https:\\\/\\\/www.karwendelbahn.de\\\/\",\"name\":\"Karwendelbahn\",\"description\":\"%1$s Structured Data Blocks\",\"potentialAction\":[{\"@type\":\"SearchAction\",\"target\":{\"@type\":\"EntryPoint\",\"urlTemplate\":\"https:\\\/\\\/www.karwendelbahn.de\\\/?s={search_term_string}\"},\"query-input\":{\"@type\":\"PropertyValueSpecification\",\"valueRequired\":true,\"valueName\":\"search_term_string\"}}],\"inLanguage\":\"en-US\"}]}<\/script>\n<!-- \/ Yoast SEO plugin. -->","yoast_head_json":{"title":"Apartment 3 - Karwendelbahn","robots":{"index":"index","follow":"follow","max-snippet":"max-snippet:-1","max-image-preview":"max-image-preview:large","max-video-preview":"max-video-preview:-1"},"canonical":"https:\/\/www.karwendelbahn.de\/en\/apartment-3\/","og_locale":"en_US","og_type":"article","og_title":"Apartment 3 - Karwendelbahn","og_description":"[vc_row css=&#8221;.vc_custom_1531909127619{margin-bottom: 0px !important;}&#8221;][vc_column][\/vc_column][\/vc_row][vc_row full_width=&#8221;stretch_row&#8221; equal_height=&#8221;yes&#8221; ult_hide_row=&#8221;ult_hide_row_value&#8221; ult_hide_row_tablet=&#8221;tablet&#8221; ult_hide_row_tablet_small=&#8221;xs_tablet&#8221; css=&#8221;.vc_custom_1531900319075{margin-top: 10px !important;margin-bottom: -30px !important;}&#8221;][vc_column][vc_column_text css=&#8221;.vc_custom_1531900226734{margin-bottom: 0px !important;}&#8221;][\/vc_column_text][vc_separator][vc_empty_space height=&#8221;30px&#8221;][\/vc_column][\/vc_row][vc_row css=&#8221;.vc_custom_1523970277060{margin-bottom: 0px !important;}&#8221; el_class=&#8221;brotkrumen&#8221;][vc_column][vc_column_text][\/vc_column_text][\/vc_column][\/vc_row][vc_row css=&#8221;.vc_custom_1523970277060{margin-bottom: 0px !important;}&#8221; el_class=&#8221;brotkrumen&#8221;][vc_column][vc_column_text] APARTMENT 3 Welcome to the holiday paradise at the Karwendelbahn in Mittenwald. Enjoy pure nature, peace and quiet with us! Our mountain railway offers holiday fun in beautiful and&hellip;","og_url":"https:\/\/www.karwendelbahn.de\/en\/apartment-3\/","og_site_name":"Karwendelbahn","article_modified_time":"2022-07-26T11:51:12+00:00","twitter_card":"summary_large_image","twitter_misc":{"Est. reading time":"2 minutes"},"schema":{"@context":"https:\/\/schema.org","@graph":[{"@type":"WebPage","@id":"https:\/\/www.karwendelbahn.de\/en\/apartment-3\/","url":"https:\/\/www.karwendelbahn.de\/en\/apartment-3\/","name":"Apartment 3 - Karwendelbahn","isPartOf":{"@id":"https:\/\/www.karwendelbahn.de\/#website"},"datePublished":"2019-06-18T14:48:20+00:00","dateModified":"2022-07-26T11:51:12+00:00","breadcrumb":{"@id":"https:\/\/www.karwendelbahn.de\/en\/apartment-3\/#breadcrumb"},"inLanguage":"en-US","potentialAction":[{"@type":"ReadAction","target":["https:\/\/www.karwendelbahn.de\/en\/apartment-3\/"]}]},{"@type":"BreadcrumbList","@id":"https:\/\/www.karwendelbahn.de\/en\/apartment-3\/#breadcrumb","itemListElement":[{"@type":"ListItem","position":1,"name":"Karwendelbahn Mittenwald","item":"https:\/\/www.karwendelbahn.de\/en\/"},{"@type":"ListItem","position":2,"name":"Apartment 3"}]},{"@type":"WebSite","@id":"https:\/\/www.karwendelbahn.de\/#website","url":"https:\/\/www.karwendelbahn.de\/","name":"Karwendelbahn","description":"%1$s Structured Data Blocks","potentialAction":[{"@type":"SearchAction","target":{"@type":"EntryPoint","urlTemplate":"https:\/\/www.karwendelbahn.de\/?s={search_term_string}"},"query-input":{"@type":"PropertyValueSpecification","valueRequired":true,"valueName":"search_term_string"}}],"inLanguage":"en-US"}]}},"_links":{"self":[{"href":"https:\/\/www.karwendelbahn.de\/en\/wp-json\/wp\/v2\/pages\/3049","targetHints":{"allow":["GET"]}}],"collection":[{"href":"https:\/\/www.karwendelbahn.de\/en\/wp-json\/wp\/v2\/pages"}],"about":[{"href":"https:\/\/www.karwendelbahn.de\/en\/wp-json\/wp\/v2\/types\/page"}],"author":[{"embeddable":true,"href":"https:\/\/www.karwendelbahn.de\/en\/wp-json\/wp\/v2\/users\/1"}],"replies":[{"embeddable":true,"href":"https:\/\/www.karwendelbahn.de\/en\/wp-json\/wp\/v2\/comments?post=3049"}],"version-history":[{"count":8,"href":"https:\/\/www.karwendelbahn.de\/en\/wp-json\/wp\/v2\/pages\/3049\/revisions"}],"predecessor-version":[{"id":5149,"href":"https:\/\/www.karwendelbahn.de\/en\/wp-json\/wp\/v2\/pages\/3049\/revisions\/5149"}],"wp:attachment":[{"href":"https:\/\/www.karwendelbahn.de\/en\/wp-json\/wp\/v2\/media?parent=3049"}],"curies":[{"name":"wp","href":"https:\/\/api.w.org\/{rel}","templated":true}]}}